{"id":2912,"date":"2020-03-30T12:04:51","date_gmt":"2020-03-30T12:04:51","guid":{"rendered":"https:\/\/nomadnoos.ch\/faq\/"},"modified":"2022-08-04T15:16:14","modified_gmt":"2022-08-04T13:16:14","slug":"faq","status":"publish","type":"page","link":"https:\/\/nomadnoos.com\/it\/faq\/","title":{"rendered":"FAQ"},"content":{"rendered":"\t\t<div data-elementor-type=\"wp-page\" data-elementor-id=\"2912\" class=\"elementor elementor-2912 elementor-353\" data-elementor-post-type=\"page\">\n\t\t\t\t\t\t<section class=\"elementor-section elementor-top-section elementor-element elementor-element-41d590da elementor-section-stretched elementor-section-boxed elementor-section-height-default elementor-section-height-default\" data-id=\"41d590da\" data-element_type=\"section\" data-e-type=\"section\" data-settings=\"{&quot;stretch_section&quot;:&quot;section-stretched&quot;,&quot;background_background&quot;:&quot;classic&quot;}\">\n\t\t\t\t\t\t<div class=\"elementor-container elementor-column-gap-default\">\n\t\t\t\t\t<div class=\"elementor-column elementor-col-100 elementor-top-column elementor-element elementor-element-252b915c\" data-id=\"252b915c\" data-element_type=\"column\" data-e-type=\"column\">\n\t\t\t<div class=\"elementor-widget-wrap elementor-element-populated\">\n\t\t\t\t\t\t<div class=\"elementor-element elementor-element-5d844ce5 elementor-widget elementor-widget-heading\" data-id=\"5d844ce5\" data-element_type=\"widget\" data-e-type=\"widget\" data-widget_type=\"heading.default\">\n\t\t\t\t<div class=\"elementor-widget-container\">\n\t\t\t\t\t<h1 class=\"elementor-heading-title elementor-size-default\">Domande Frequenti (FAQ)<\/h1>\t\t\t\t<\/div>\n\t\t\t\t<\/div>\n\t\t\t\t\t<\/div>\n\t\t<\/div>\n\t\t\t\t\t<\/div>\n\t\t<\/section>\n\t\t\t\t<section class=\"elementor-section elementor-top-section elementor-element elementor-element-587cb61 elementor-section-stretched elementor-section-boxed elementor-section-height-default elementor-section-height-default\" data-id=\"587cb61\" data-element_type=\"section\" data-e-type=\"section\" data-settings=\"{&quot;stretch_section&quot;:&quot;section-stretched&quot;}\">\n\t\t\t\t\t\t<div class=\"elementor-container elementor-column-gap-default\">\n\t\t\t\t\t<div class=\"elementor-column elementor-col-100 elementor-top-column elementor-element elementor-element-df772da\" data-id=\"df772da\" data-element_type=\"column\" data-e-type=\"column\">\n\t\t\t<div class=\"elementor-widget-wrap elementor-element-populated\">\n\t\t\t\t\t\t<div class=\"elementor-element elementor-element-6551a53 elementor-widget elementor-widget-heading\" data-id=\"6551a53\" data-element_type=\"widget\" data-e-type=\"widget\" data-widget_type=\"heading.default\">\n\t\t\t\t<div class=\"elementor-widget-container\">\n\t\t\t\t\t<h2 class=\"elementor-heading-title elementor-size-default\">Come posso pulire correttamente i mie capi in lana nel rispetto dell'ambiente?<\/h2>\t\t\t\t<\/div>\n\t\t\t\t<\/div>\n\t\t\t\t<div class=\"elementor-element elementor-element-795f19a elementor-widget elementor-widget-text-editor\" data-id=\"795f19a\" data-element_type=\"widget\" data-e-type=\"widget\" data-widget_type=\"text-editor.default\">\n\t\t\t\t<div class=\"elementor-widget-container\">\n\t\t\t\t\t\t\t\t\t<p>Tutte le qualit\u00e0 della lana sono piuttosto sorprendenti, ti tengono caldo d&#8217;inverno e fresco d&#8217;estate. La lana \u00e8 morbida e resiste allo sporco e agli odori.<br \/>\nQuesto la rende facile da curare, ma la lana \u00e8 sempre stata vista come un materiale delicato da pulire. Ma con un po&#8217; di sforzo in pi\u00f9, i tuoi capi in lana, sia che siano in yak, cammello o lana Sartuul, possono davvero durare una vita intera. Grazie alle sue propriet\u00e0 di resistenza allo sporco e all&#8217;odore infatti, non c&#8217;\u00e8 bisogno di lavare la lana cos\u00ec spesso. Gi\u00e0 arieggiarla all&#8217;aperto o in un ambiente umido, come in bagno quando si fa la doccia, dovrebbe essere sufficiente! Tuttavia, se noti dei segni o degli odori, allora la lana pu\u00f2 essere lavata.<\/p>\n\t\t\t\t\t\t\t\t<\/div>\n\t\t\t\t<\/div>\n\t\t\t\t<div class=\"elementor-element elementor-element-b536580 elementor-widget elementor-widget-text-editor\" data-id=\"b536580\" data-element_type=\"widget\" data-e-type=\"widget\" data-widget_type=\"text-editor.default\">\n\t\t\t\t<div class=\"elementor-widget-container\">\n\t\t\t\t\t\t\t\t\t<p>Dovresti prima controllare le istruzioni di lavaggio all&#8217;interno delle nostre etichette. La nostra lana \u00e8 meglio se viene lavata a mano. Con i seguenti semplici passi per una cura adeguata, il tuo prodotto preferito in maglia lavorata a mano e realizzato con le nostre fibre di yak, cammello o sartuul rimarr\u00e0 bello per anni.<\/p>\n\t\t\t\t\t\t\t\t<\/div>\n\t\t\t\t<\/div>\n\t\t\t\t<div class=\"elementor-element elementor-element-607b15f elementor-widget elementor-widget-text-editor\" data-id=\"607b15f\" data-element_type=\"widget\" data-e-type=\"widget\" data-widget_type=\"text-editor.default\">\n\t\t\t\t<div class=\"elementor-widget-container\">\n\t\t\t\t\t\t\t\t\t<p>1. La lana \u00e8 naturalmente resistente alle macchie. Inoltre non raccoglie la polvere perch\u00e9 \u00e8 priva di elettricit\u00e0 statica. Per questo motivo le tue maglie di lana devono essere lavate a mano con un prodotto naturale e asciugate lentamente.<\/p>\n\t\t\t\t\t\t\t\t<\/div>\n\t\t\t\t<\/div>\n\t\t\t\t<div class=\"elementor-element elementor-element-b5e26de elementor-widget elementor-widget-text-editor\" data-id=\"b5e26de\" data-element_type=\"widget\" data-e-type=\"widget\" data-widget_type=\"text-editor.default\">\n\t\t\t\t<div class=\"elementor-widget-container\">\n\t\t\t\t\t\t\t\t\t<p>2. In secondo luogo, se c&#8217;\u00e8 solo una piccola macchia, \u00e8 meglio lavare a mano solo quella zona, piuttosto che lavare l&#8217;intero capo. Questo non solo fa risparmiare energia e risorse, ma aiuta anche a prolungare la durata del prodotto.<\/p>\n\t\t\t\t\t\t\t\t<\/div>\n\t\t\t\t<\/div>\n\t\t\t\t<div class=\"elementor-element elementor-element-9965b8d elementor-widget elementor-widget-text-editor\" data-id=\"9965b8d\" data-element_type=\"widget\" data-e-type=\"widget\" data-widget_type=\"text-editor.default\">\n\t\t\t\t<div class=\"elementor-widget-container\">\n\t\t\t\t\t\t\t\t\t<p>3. Il tuo prodotto pu\u00f2 essere lavato meno di frequente e raramente ha bisogno di essere stirato, poich\u00e9 la lana \u00e8 naturalmente resistente alle pieghe. Quindi, in realt\u00e0, meno lavaggi e stirature significano meno lavoro per te e meno impatto sull&#8217;ambiente.<\/p>\n\t\t\t\t\t\t\t\t<\/div>\n\t\t\t\t<\/div>\n\t\t\t\t<div class=\"elementor-element elementor-element-eaf0d67 elementor-widget elementor-widget-text-editor\" data-id=\"eaf0d67\" data-element_type=\"widget\" data-e-type=\"widget\" data-widget_type=\"text-editor.default\">\n\t\t\t\t<div class=\"elementor-widget-container\">\n\t\t\t\t\t\t\t\t\t<p>4. Per evitare la perdita di colore, conserva i capi di lana al riparo dalla luce solare diretta. Nota che la conservazione per molto tempo sulle grucce pu\u00f2 causare stiramenti dei tessuti e perdita di forma.<\/p>\n\t\t\t\t\t\t\t\t<\/div>\n\t\t\t\t<\/div>\n\t\t\t\t<div class=\"elementor-element elementor-element-621c5c3 elementor-widget elementor-widget-text-editor\" data-id=\"621c5c3\" data-element_type=\"widget\" data-e-type=\"widget\" data-widget_type=\"text-editor.default\">\n\t\t\t\t<div class=\"elementor-widget-container\">\n\t\t\t\t\t\t\t\t\t<p>5. Alcuni tipi di lana possono iniziare a fare dei pelucchi, specialmente in certe zone come le maniche e i lati del corpo. Questo \u00e8 naturale, ma nessuno vuole un maglione di cardigan dall&#8217;aspetto trasandato. Quindi \u00e8 meglio toglierli regolarmente. Ci sono dispositivi che rimuovono i pelucchi. Basta far passare il dispositivo sulla superficie dell&#8217;indumento per toglierli. Attenzione a non fare troppa pressione; il dispositivo \u00e8 come un piccolo rasoio, quindi potrebbe danneggiare l&#8217;indumento se si usa troppa forza.<\/p>\n\t\t\t\t\t\t\t\t<\/div>\n\t\t\t\t<\/div>\n\t\t\t\t\t<\/div>\n\t\t<\/div>\n\t\t\t\t\t<\/div>\n\t\t<\/section>\n\t\t\t\t<\/div>\n\t\t","protected":false},"excerpt":{"rendered":"<p>Domande Frequenti (FAQ) Come posso pulire correttamente i mie capi in lana nel rispetto dell&#8217;ambiente? Tutte le qualit\u00e0 della lana sono piuttosto sorprendenti, ti tengono caldo d&#8217;inverno e fresco d&#8217;estate. La lana \u00e8 morbida e resiste allo sporco e agli odori. Questo la rende facile da curare, ma la lana \u00e8 sempre stata vista come [&hellip;]<\/p>\n","protected":false},"author":1182,"featured_media":0,"parent":0,"menu_order":0,"comment_status":"closed","ping_status":"closed","template":"","meta":{"ocean_post_layout":"","ocean_both_sidebars_style":"","ocean_both_sidebars_content_width":0,"ocean_both_sidebars_sidebars_width":0,"ocean_sidebar":"0","ocean_second_sidebar":"0","ocean_disable_margins":"enable","ocean_add_body_class":"","ocean_shortcode_before_top_bar":"","ocean_shortcode_after_top_bar":"","ocean_shortcode_before_header":"","ocean_shortcode_after_header":"","ocean_has_shortcode":"","ocean_shortcode_after_title":"","ocean_shortcode_before_footer_widgets":"","ocean_shortcode_after_footer_widgets":"","ocean_shortcode_before_footer_bottom":"","ocean_shortcode_after_footer_bottom":"","ocean_display_top_bar":"default","ocean_display_header":"default","ocean_header_style":"","ocean_center_header_left_menu":"0","ocean_custom_header_template":"0","ocean_custom_logo":0,"ocean_custom_retina_logo":0,"ocean_custom_logo_max_width":0,"ocean_custom_logo_tablet_max_width":0,"ocean_custom_logo_mobile_max_width":0,"ocean_custom_logo_max_height":0,"ocean_custom_logo_tablet_max_height":0,"ocean_custom_logo_mobile_max_height":0,"ocean_header_custom_menu":"0","ocean_menu_typo_font_family":"0","ocean_menu_typo_font_subset":"","ocean_menu_typo_font_size":0,"ocean_menu_typo_font_size_tablet":0,"ocean_menu_typo_font_size_mobile":0,"ocean_menu_typo_font_size_unit":"px","ocean_menu_typo_font_weight":"","ocean_menu_typo_font_weight_tablet":"","ocean_menu_typo_font_weight_mobile":"","ocean_menu_typo_transform":"","ocean_menu_typo_transform_tablet":"","ocean_menu_typo_transform_mobile":"","ocean_menu_typo_line_height":0,"ocean_menu_typo_line_height_tablet":0,"ocean_menu_typo_line_height_mobile":0,"ocean_menu_typo_line_height_unit":"","ocean_menu_typo_spacing":0,"ocean_menu_typo_spacing_tablet":0,"ocean_menu_typo_spacing_mobile":0,"ocean_menu_typo_spacing_unit":"","ocean_menu_link_color":"","ocean_menu_link_color_hover":"","ocean_menu_link_color_active":"","ocean_menu_link_background":"","ocean_menu_link_hover_background":"","ocean_menu_link_active_background":"","ocean_menu_social_links_bg":"","ocean_menu_social_hover_links_bg":"","ocean_menu_social_links_color":"","ocean_menu_social_hover_links_color":"","ocean_disable_title":"default","ocean_disable_heading":"default","ocean_post_title":"","ocean_post_subheading":"","ocean_post_title_style":"","ocean_post_title_background_color":"","ocean_post_title_background":0,"ocean_post_title_bg_image_position":"","ocean_post_title_bg_image_attachment":"","ocean_post_title_bg_image_repeat":"","ocean_post_title_bg_image_size":"","ocean_post_title_height":0,"ocean_post_title_bg_overlay":0.5,"ocean_post_title_bg_overlay_color":"","ocean_disable_breadcrumbs":"default","ocean_breadcrumbs_color":"","ocean_breadcrumbs_separator_color":"","ocean_breadcrumbs_links_color":"","ocean_breadcrumbs_links_hover_color":"","ocean_display_footer_widgets":"default","ocean_display_footer_bottom":"default","ocean_custom_footer_template":"0","_pvb_checkbox_block_on_post":false,"footnotes":""},"class_list":["post-2912","page","type-page","status-publish","hentry","entry","owp-thumbs-layout-horizontal","owp-btn-normal","owp-tabs-layout-horizontal","has-no-thumbnails","has-product-nav"],"yoast_head":"<!-- This site is optimized with the Yoast SEO plugin v27.4 - https:\/\/yoast.com\/product\/yoast-seo-wordpress\/ -->\n<title>FAQ - Nomadnoos<\/title>\n<meta name=\"robots\" content=\"index, follow, max-snippet:-1, max-image-preview:large, max-video-preview:-1\" \/>\n<link rel=\"canonical\" href=\"https:\/\/nomadnoos.com\/it\/faq\/\" \/>\n<meta property=\"og:locale\" content=\"it_IT\" \/>\n<meta property=\"og:type\" content=\"article\" \/>\n<meta property=\"og:title\" content=\"FAQ - Nomadnoos\" \/>\n<meta property=\"og:description\" content=\"Domande Frequenti (FAQ) Come posso pulire correttamente i mie capi in lana nel rispetto dell&#8217;ambiente? Tutte le qualit\u00e0 della lana sono piuttosto sorprendenti, ti tengono caldo d&#8217;inverno e fresco d&#8217;estate. La lana \u00e8 morbida e resiste allo sporco e agli odori. Questo la rende facile da curare, ma la lana \u00e8 sempre stata vista come [&hellip;]\" \/>\n<meta property=\"og:url\" content=\"https:\/\/nomadnoos.com\/it\/faq\/\" \/>\n<meta property=\"og:site_name\" content=\"Nomadnoos\" \/>\n<meta property=\"article:publisher\" content=\"https:\/\/www.facebook.com\/nomadnoos\" \/>\n<meta property=\"article:modified_time\" content=\"2022-08-04T13:16:14+00:00\" \/>\n<meta name=\"twitter:card\" content=\"summary_large_image\" \/>\n<meta name=\"twitter:label1\" content=\"Tempo di lettura stimato\" \/>\n\t<meta name=\"twitter:data1\" content=\"3 minuti\" \/>\n<script type=\"application\/ld+json\" class=\"yoast-schema-graph\">{\"@context\":\"https:\\\/\\\/schema.org\",\"@graph\":[{\"@type\":\"WebPage\",\"@id\":\"https:\\\/\\\/nomadnoos.com\\\/it\\\/faq\\\/\",\"url\":\"https:\\\/\\\/nomadnoos.com\\\/it\\\/faq\\\/\",\"name\":\"FAQ - Nomadnoos\",\"isPartOf\":{\"@id\":\"https:\\\/\\\/nomadnoos.com\\\/it\\\/#website\"},\"datePublished\":\"2020-03-30T12:04:51+00:00\",\"dateModified\":\"2022-08-04T13:16:14+00:00\",\"breadcrumb\":{\"@id\":\"https:\\\/\\\/nomadnoos.com\\\/it\\\/faq\\\/#breadcrumb\"},\"inLanguage\":\"it-IT\",\"potentialAction\":[{\"@type\":\"ReadAction\",\"target\":[\"https:\\\/\\\/nomadnoos.com\\\/it\\\/faq\\\/\"]}]},{\"@type\":\"BreadcrumbList\",\"@id\":\"https:\\\/\\\/nomadnoos.com\\\/it\\\/faq\\\/#breadcrumb\",\"itemListElement\":[{\"@type\":\"ListItem\",\"position\":1,\"name\":\"Home\",\"item\":\"https:\\\/\\\/nomadnoos.com\\\/it\\\/\"},{\"@type\":\"ListItem\",\"position\":2,\"name\":\"FAQ\"}]},{\"@type\":\"WebSite\",\"@id\":\"https:\\\/\\\/nomadnoos.com\\\/it\\\/#website\",\"url\":\"https:\\\/\\\/nomadnoos.com\\\/it\\\/\",\"name\":\"Nomadnoos\",\"description\":\"Luxury Handspun Yarns\",\"publisher\":{\"@id\":\"https:\\\/\\\/nomadnoos.com\\\/it\\\/#organization\"},\"potentialAction\":[{\"@type\":\"SearchAction\",\"target\":{\"@type\":\"EntryPoint\",\"urlTemplate\":\"https:\\\/\\\/nomadnoos.com\\\/it\\\/?s={search_term_string}\"},\"query-input\":{\"@type\":\"PropertyValueSpecification\",\"valueRequired\":true,\"valueName\":\"search_term_string\"}}],\"inLanguage\":\"it-IT\"},{\"@type\":\"Organization\",\"@id\":\"https:\\\/\\\/nomadnoos.com\\\/it\\\/#organization\",\"name\":\"Nomadnoos\",\"url\":\"https:\\\/\\\/nomadnoos.com\\\/it\\\/\",\"logo\":{\"@type\":\"ImageObject\",\"inLanguage\":\"it-IT\",\"@id\":\"https:\\\/\\\/nomadnoos.com\\\/it\\\/#\\\/schema\\\/logo\\\/image\\\/\",\"url\":\"https:\\\/\\\/nomadnoos.com\\\/wp-content\\\/uploads\\\/2020\\\/02\\\/Nomadnoos-Luxury-Handspun-Yarns.png\",\"contentUrl\":\"https:\\\/\\\/nomadnoos.com\\\/wp-content\\\/uploads\\\/2020\\\/02\\\/Nomadnoos-Luxury-Handspun-Yarns.png\",\"width\":400,\"height\":362,\"caption\":\"Nomadnoos\"},\"image\":{\"@id\":\"https:\\\/\\\/nomadnoos.com\\\/it\\\/#\\\/schema\\\/logo\\\/image\\\/\"},\"sameAs\":[\"https:\\\/\\\/www.facebook.com\\\/nomadnoos\",\"https:\\\/\\\/www.instagram.com\\\/nomadnoos\\\/\"]}]}<\/script>\n<!-- \/ Yoast SEO plugin. -->","yoast_head_json":{"title":"FAQ - Nomadnoos","robots":{"index":"index","follow":"follow","max-snippet":"max-snippet:-1","max-image-preview":"max-image-preview:large","max-video-preview":"max-video-preview:-1"},"canonical":"https:\/\/nomadnoos.com\/it\/faq\/","og_locale":"it_IT","og_type":"article","og_title":"FAQ - Nomadnoos","og_description":"Domande Frequenti (FAQ) Come posso pulire correttamente i mie capi in lana nel rispetto dell&#8217;ambiente? Tutte le qualit\u00e0 della lana sono piuttosto sorprendenti, ti tengono caldo d&#8217;inverno e fresco d&#8217;estate. La lana \u00e8 morbida e resiste allo sporco e agli odori. Questo la rende facile da curare, ma la lana \u00e8 sempre stata vista come [&hellip;]","og_url":"https:\/\/nomadnoos.com\/it\/faq\/","og_site_name":"Nomadnoos","article_publisher":"https:\/\/www.facebook.com\/nomadnoos","article_modified_time":"2022-08-04T13:16:14+00:00","twitter_card":"summary_large_image","twitter_misc":{"Tempo di lettura stimato":"3 minuti"},"schema":{"@context":"https:\/\/schema.org","@graph":[{"@type":"WebPage","@id":"https:\/\/nomadnoos.com\/it\/faq\/","url":"https:\/\/nomadnoos.com\/it\/faq\/","name":"FAQ - Nomadnoos","isPartOf":{"@id":"https:\/\/nomadnoos.com\/it\/#website"},"datePublished":"2020-03-30T12:04:51+00:00","dateModified":"2022-08-04T13:16:14+00:00","breadcrumb":{"@id":"https:\/\/nomadnoos.com\/it\/faq\/#breadcrumb"},"inLanguage":"it-IT","potentialAction":[{"@type":"ReadAction","target":["https:\/\/nomadnoos.com\/it\/faq\/"]}]},{"@type":"BreadcrumbList","@id":"https:\/\/nomadnoos.com\/it\/faq\/#breadcrumb","itemListElement":[{"@type":"ListItem","position":1,"name":"Home","item":"https:\/\/nomadnoos.com\/it\/"},{"@type":"ListItem","position":2,"name":"FAQ"}]},{"@type":"WebSite","@id":"https:\/\/nomadnoos.com\/it\/#website","url":"https:\/\/nomadnoos.com\/it\/","name":"Nomadnoos","description":"Luxury Handspun Yarns","publisher":{"@id":"https:\/\/nomadnoos.com\/it\/#organization"},"potentialAction":[{"@type":"SearchAction","target":{"@type":"EntryPoint","urlTemplate":"https:\/\/nomadnoos.com\/it\/?s={search_term_string}"},"query-input":{"@type":"PropertyValueSpecification","valueRequired":true,"valueName":"search_term_string"}}],"inLanguage":"it-IT"},{"@type":"Organization","@id":"https:\/\/nomadnoos.com\/it\/#organization","name":"Nomadnoos","url":"https:\/\/nomadnoos.com\/it\/","logo":{"@type":"ImageObject","inLanguage":"it-IT","@id":"https:\/\/nomadnoos.com\/it\/#\/schema\/logo\/image\/","url":"https:\/\/nomadnoos.com\/wp-content\/uploads\/2020\/02\/Nomadnoos-Luxury-Handspun-Yarns.png","contentUrl":"https:\/\/nomadnoos.com\/wp-content\/uploads\/2020\/02\/Nomadnoos-Luxury-Handspun-Yarns.png","width":400,"height":362,"caption":"Nomadnoos"},"image":{"@id":"https:\/\/nomadnoos.com\/it\/#\/schema\/logo\/image\/"},"sameAs":["https:\/\/www.facebook.com\/nomadnoos","https:\/\/www.instagram.com\/nomadnoos\/"]}]}},"jetpack_sharing_enabled":true,"_links":{"self":[{"href":"https:\/\/nomadnoos.com\/it\/wp-json\/wp\/v2\/pages\/2912","targetHints":{"allow":["GET"]}}],"collection":[{"href":"https:\/\/nomadnoos.com\/it\/wp-json\/wp\/v2\/pages"}],"about":[{"href":"https:\/\/nomadnoos.com\/it\/wp-json\/wp\/v2\/types\/page"}],"author":[{"embeddable":true,"href":"https:\/\/nomadnoos.com\/it\/wp-json\/wp\/v2\/users\/1182"}],"replies":[{"embeddable":true,"href":"https:\/\/nomadnoos.com\/it\/wp-json\/wp\/v2\/comments?post=2912"}],"version-history":[{"count":0,"href":"https:\/\/nomadnoos.com\/it\/wp-json\/wp\/v2\/pages\/2912\/revisions"}],"wp:attachment":[{"href":"https:\/\/nomadnoos.com\/it\/wp-json\/wp\/v2\/media?parent=2912"}],"curies":[{"name":"wp","href":"https:\/\/api.w.org\/{rel}","templated":true}]}}