{"id":3354,"date":"2020-04-07T13:14:29","date_gmt":"2020-04-07T13:14:29","guid":{"rendered":"https:\/\/nomadnoos.ch\/avis-sur-les-cookies\/"},"modified":"2022-08-04T15:10:00","modified_gmt":"2022-08-04T13:10:00","slug":"avis-sur-les-cookies","status":"publish","type":"page","link":"https:\/\/nomadnoos.com\/fr\/avis-sur-les-cookies\/","title":{"rendered":"Avis sur les cookies"},"content":{"rendered":"\t\t<div data-elementor-type=\"wp-page\" data-elementor-id=\"3354\" class=\"elementor elementor-3354 elementor-3338\" data-elementor-post-type=\"page\">\n\t\t\t\t\t\t<section class=\"elementor-section elementor-top-section elementor-element elementor-element-453fd160 elementor-section-stretched elementor-section-boxed elementor-section-height-default elementor-section-height-default\" data-id=\"453fd160\" data-element_type=\"section\" data-e-type=\"section\" data-settings=\"{&quot;stretch_section&quot;:&quot;section-stretched&quot;,&quot;background_background&quot;:&quot;classic&quot;}\">\n\t\t\t\t\t\t<div class=\"elementor-container elementor-column-gap-default\">\n\t\t\t\t\t<div class=\"elementor-column elementor-col-100 elementor-top-column elementor-element elementor-element-7a1b3fcb\" data-id=\"7a1b3fcb\" data-element_type=\"column\" data-e-type=\"column\">\n\t\t\t<div class=\"elementor-widget-wrap elementor-element-populated\">\n\t\t\t\t\t\t<div class=\"elementor-element elementor-element-594fc334 elementor-widget elementor-widget-heading\" data-id=\"594fc334\" data-element_type=\"widget\" data-e-type=\"widget\" data-widget_type=\"heading.default\">\n\t\t\t\t<div class=\"elementor-widget-container\">\n\t\t\t\t\t<h1 class=\"elementor-heading-title elementor-size-default\">Avis sur les cookies<\/h1>\t\t\t\t<\/div>\n\t\t\t\t<\/div>\n\t\t\t\t\t<\/div>\n\t\t<\/div>\n\t\t\t\t\t<\/div>\n\t\t<\/section>\n\t\t\t\t<section class=\"elementor-section elementor-top-section elementor-element elementor-element-52678443 elementor-section-stretched elementor-section-boxed elementor-section-height-default elementor-section-height-default\" data-id=\"52678443\" data-element_type=\"section\" data-e-type=\"section\" data-settings=\"{&quot;stretch_section&quot;:&quot;section-stretched&quot;}\">\n\t\t\t\t\t\t<div class=\"elementor-container elementor-column-gap-default\">\n\t\t\t\t\t<div class=\"elementor-column elementor-col-100 elementor-top-column elementor-element elementor-element-5dfa9e60\" data-id=\"5dfa9e60\" data-element_type=\"column\" data-e-type=\"column\">\n\t\t\t<div class=\"elementor-widget-wrap elementor-element-populated\">\n\t\t\t\t\t\t<div class=\"elementor-element elementor-element-67cb1141 elementor-widget elementor-widget-heading\" data-id=\"67cb1141\" data-element_type=\"widget\" data-e-type=\"widget\" data-widget_type=\"heading.default\">\n\t\t\t\t<div class=\"elementor-widget-container\">\n\t\t\t\t\t<h2 class=\"elementor-heading-title elementor-size-default\">Cookie<\/h2>\t\t\t\t<\/div>\n\t\t\t\t<\/div>\n\t\t\t\t<div class=\"elementor-element elementor-element-d7efec2 elementor-widget elementor-widget-text-editor\" data-id=\"d7efec2\" data-element_type=\"widget\" data-e-type=\"widget\" data-widget_type=\"text-editor.default\">\n\t\t\t\t<div class=\"elementor-widget-container\">\n\t\t\t\t\t\t\t\t\t<p>Nous utilisons des cookies pour am\u00e9liorer votre exp\u00e9rience sur notre site Web.<\/p>\n<p>Lorsque vous visitez le site, nous recueillons automatiquement certaines informations sur votre appareil, notamment des informations sur votre navigateur web, votre adresse IP, votre fuseau horaire et certains des cookies qui sont install\u00e9s sur votre appareil. En outre, lorsque vous naviguez sur le site, nous recueillons des informations sur les diff\u00e9rentes pages web ou les produits que vous consultez, les sites web ou les termes de recherche qui vous ont renvoy\u00e9 au site, et des informations sur la mani\u00e8re dont vous interagissez avec le Site. Nous appelons ces informations recueillies automatiquement \u00ab\u00a0informations sur l&rsquo;appareil\u00a0\u00bb. Nous recueillons des informations sur les appareils \u00e0 l&rsquo;aide des technologies suivantes :<br \/>&#8211; Les \u00ab\u00a0cookies\u00a0\u00bb sont des fichiers de donn\u00e9es qui sont plac\u00e9s sur votre appareil ou votre ordinateur et comprennent souvent un identifiant unique anonyme. Pour plus d&rsquo;informations sur les cookies et sur la mani\u00e8re de les d\u00e9sactiver, visitez le site <a href=\"http:\/\/www.allaboutcookies.org\" target=\"_blank\" rel=\"noopener\">http:\/\/www.allaboutcookies.org<\/a>.<br \/>&#8211; Les \u00ab\u00a0fichiers journaux\u00a0\u00bb suivent les actions qui se produisent sur le site et recueillent des donn\u00e9es telles que votre adresse IP, votre type de navigateur, votre fournisseur d&rsquo;acc\u00e8s \u00e0 Internet, les pages de renvoi\/sortie et les estampilles de date\/heure.<br \/>&#8211; Les \u00ab\u00a0balises Web\u00a0\u00bb, les \u00ab\u00a0tags\u00a0\u00bb et les \u00ab\u00a0pixels\u00a0\u00bb sont des fichiers \u00e9lectroniques utilis\u00e9s pour enregistrer des informations sur la fa\u00e7on dont vous naviguez sur le Site. En outre, lorsque vous effectuez ou tentez d&rsquo;effectuer un achat sur le Site, nous recueillons certaines informations vous concernant, notamment votre nom, votre adresse de facturation, votre adresse de livraison, les informations de paiement (y compris les num\u00e9ros de carte de cr\u00e9dit), votre adresse \u00e9lectronique et votre num\u00e9ro de t\u00e9l\u00e9phone.<\/p>\n<p>Pour plus d&rsquo;informations sur la fa\u00e7on dont nous utilisons les cookies, veuillez consulter notre <a href=\"https:\/\/nomadnoos.com\/fr\/politique-de-confidentialite\/\" target=\"_blank\" rel=\"noopener\">Politique de confidentialit\u00e9<\/a>.<\/p>\n\t\t\t\t\t\t\t\t<\/div>\n\t\t\t\t<\/div>\n\t\t\t\t\t<\/div>\n\t\t<\/div>\n\t\t\t\t\t<\/div>\n\t\t<\/section>\n\t\t\t\t<\/div>\n\t\t","protected":false},"excerpt":{"rendered":"<p>Avis sur les cookies Cookie Nous utilisons des cookies pour am\u00e9liorer votre exp\u00e9rience sur notre site Web. Lorsque vous visitez le site, nous recueillons automatiquement certaines informations sur votre appareil, notamment des informations sur votre navigateur web, votre adresse IP, votre fuseau horaire et certains des cookies qui sont install\u00e9s sur votre appareil. En outre, [&hellip;]<\/p>\n","protected":false},"author":1182,"featured_media":0,"parent":0,"menu_order":0,"comment_status":"closed","ping_status":"closed","template":"","meta":{"ocean_post_layout":"","ocean_both_sidebars_style":"","ocean_both_sidebars_content_width":0,"ocean_both_sidebars_sidebars_width":0,"ocean_sidebar":"0","ocean_second_sidebar":"0","ocean_disable_margins":"enable","ocean_add_body_class":"","ocean_shortcode_before_top_bar":"","ocean_shortcode_after_top_bar":"","ocean_shortcode_before_header":"","ocean_shortcode_after_header":"","ocean_has_shortcode":"","ocean_shortcode_after_title":"","ocean_shortcode_before_footer_widgets":"","ocean_shortcode_after_footer_widgets":"","ocean_shortcode_before_footer_bottom":"","ocean_shortcode_after_footer_bottom":"","ocean_display_top_bar":"default","ocean_display_header":"default","ocean_header_style":"","ocean_center_header_left_menu":"0","ocean_custom_header_template":"0","ocean_custom_logo":0,"ocean_custom_retina_logo":0,"ocean_custom_logo_max_width":0,"ocean_custom_logo_tablet_max_width":0,"ocean_custom_logo_mobile_max_width":0,"ocean_custom_logo_max_height":0,"ocean_custom_logo_tablet_max_height":0,"ocean_custom_logo_mobile_max_height":0,"ocean_header_custom_menu":"0","ocean_menu_typo_font_family":"0","ocean_menu_typo_font_subset":"","ocean_menu_typo_font_size":0,"ocean_menu_typo_font_size_tablet":0,"ocean_menu_typo_font_size_mobile":0,"ocean_menu_typo_font_size_unit":"px","ocean_menu_typo_font_weight":"","ocean_menu_typo_font_weight_tablet":"","ocean_menu_typo_font_weight_mobile":"","ocean_menu_typo_transform":"","ocean_menu_typo_transform_tablet":"","ocean_menu_typo_transform_mobile":"","ocean_menu_typo_line_height":0,"ocean_menu_typo_line_height_tablet":0,"ocean_menu_typo_line_height_mobile":0,"ocean_menu_typo_line_height_unit":"","ocean_menu_typo_spacing":0,"ocean_menu_typo_spacing_tablet":0,"ocean_menu_typo_spacing_mobile":0,"ocean_menu_typo_spacing_unit":"","ocean_menu_link_color":"","ocean_menu_link_color_hover":"","ocean_menu_link_color_active":"","ocean_menu_link_background":"","ocean_menu_link_hover_background":"","ocean_menu_link_active_background":"","ocean_menu_social_links_bg":"","ocean_menu_social_hover_links_bg":"","ocean_menu_social_links_color":"","ocean_menu_social_hover_links_color":"","ocean_disable_title":"default","ocean_disable_heading":"default","ocean_post_title":"","ocean_post_subheading":"","ocean_post_title_style":"","ocean_post_title_background_color":"","ocean_post_title_background":0,"ocean_post_title_bg_image_position":"","ocean_post_title_bg_image_attachment":"","ocean_post_title_bg_image_repeat":"","ocean_post_title_bg_image_size":"","ocean_post_title_height":0,"ocean_post_title_bg_overlay":0.5,"ocean_post_title_bg_overlay_color":"","ocean_disable_breadcrumbs":"default","ocean_breadcrumbs_color":"","ocean_breadcrumbs_separator_color":"","ocean_breadcrumbs_links_color":"","ocean_breadcrumbs_links_hover_color":"","ocean_display_footer_widgets":"default","ocean_display_footer_bottom":"default","ocean_custom_footer_template":"0","_pvb_checkbox_block_on_post":false,"footnotes":""},"class_list":["post-3354","page","type-page","status-publish","hentry","entry","owp-thumbs-layout-horizontal","owp-btn-normal","owp-tabs-layout-horizontal","has-no-thumbnails","has-product-nav"],"yoast_head":"<!-- This site is optimized with the Yoast SEO plugin v27.4 - https:\/\/yoast.com\/product\/yoast-seo-wordpress\/ -->\n<title>Avis sur les cookies - Nomadnoos<\/title>\n<meta name=\"robots\" content=\"index, follow, max-snippet:-1, max-image-preview:large, max-video-preview:-1\" \/>\n<link rel=\"canonical\" href=\"https:\/\/nomadnoos.com\/fr\/avis-sur-les-cookies\/\" \/>\n<meta property=\"og:locale\" content=\"fr_FR\" \/>\n<meta property=\"og:type\" content=\"article\" \/>\n<meta property=\"og:title\" content=\"Avis sur les cookies - Nomadnoos\" \/>\n<meta property=\"og:description\" content=\"Avis sur les cookies Cookie Nous utilisons des cookies pour am\u00e9liorer votre exp\u00e9rience sur notre site Web. Lorsque vous visitez le site, nous recueillons automatiquement certaines informations sur votre appareil, notamment des informations sur votre navigateur web, votre adresse IP, votre fuseau horaire et certains des cookies qui sont install\u00e9s sur votre appareil. En outre, [&hellip;]\" \/>\n<meta property=\"og:url\" content=\"https:\/\/nomadnoos.com\/fr\/avis-sur-les-cookies\/\" \/>\n<meta property=\"og:site_name\" content=\"Nomadnoos\" \/>\n<meta property=\"article:publisher\" content=\"https:\/\/www.facebook.com\/nomadnoos\" \/>\n<meta property=\"article:modified_time\" content=\"2022-08-04T13:10:00+00:00\" \/>\n<meta name=\"twitter:card\" content=\"summary_large_image\" \/>\n<meta name=\"twitter:label1\" content=\"Dur\u00e9e de lecture estim\u00e9e\" \/>\n\t<meta name=\"twitter:data1\" content=\"2 minutes\" \/>\n<script type=\"application\/ld+json\" class=\"yoast-schema-graph\">{\"@context\":\"https:\\\/\\\/schema.org\",\"@graph\":[{\"@type\":\"WebPage\",\"@id\":\"https:\\\/\\\/nomadnoos.com\\\/fr\\\/avis-sur-les-cookies\\\/\",\"url\":\"https:\\\/\\\/nomadnoos.com\\\/fr\\\/avis-sur-les-cookies\\\/\",\"name\":\"Avis sur les cookies - Nomadnoos\",\"isPartOf\":{\"@id\":\"https:\\\/\\\/nomadnoos.com\\\/fr\\\/#website\"},\"datePublished\":\"2020-04-07T13:14:29+00:00\",\"dateModified\":\"2022-08-04T13:10:00+00:00\",\"breadcrumb\":{\"@id\":\"https:\\\/\\\/nomadnoos.com\\\/fr\\\/avis-sur-les-cookies\\\/#breadcrumb\"},\"inLanguage\":\"fr-FR\",\"potentialAction\":[{\"@type\":\"ReadAction\",\"target\":[\"https:\\\/\\\/nomadnoos.com\\\/fr\\\/avis-sur-les-cookies\\\/\"]}]},{\"@type\":\"BreadcrumbList\",\"@id\":\"https:\\\/\\\/nomadnoos.com\\\/fr\\\/avis-sur-les-cookies\\\/#breadcrumb\",\"itemListElement\":[{\"@type\":\"ListItem\",\"position\":1,\"name\":\"Home\",\"item\":\"https:\\\/\\\/nomadnoos.com\\\/fr\\\/\"},{\"@type\":\"ListItem\",\"position\":2,\"name\":\"Avis sur les cookies\"}]},{\"@type\":\"WebSite\",\"@id\":\"https:\\\/\\\/nomadnoos.com\\\/fr\\\/#website\",\"url\":\"https:\\\/\\\/nomadnoos.com\\\/fr\\\/\",\"name\":\"Nomadnoos\",\"description\":\"Luxury Handspun Yarns\",\"publisher\":{\"@id\":\"https:\\\/\\\/nomadnoos.com\\\/fr\\\/#organization\"},\"potentialAction\":[{\"@type\":\"SearchAction\",\"target\":{\"@type\":\"EntryPoint\",\"urlTemplate\":\"https:\\\/\\\/nomadnoos.com\\\/fr\\\/?s={search_term_string}\"},\"query-input\":{\"@type\":\"PropertyValueSpecification\",\"valueRequired\":true,\"valueName\":\"search_term_string\"}}],\"inLanguage\":\"fr-FR\"},{\"@type\":\"Organization\",\"@id\":\"https:\\\/\\\/nomadnoos.com\\\/fr\\\/#organization\",\"name\":\"Nomadnoos\",\"url\":\"https:\\\/\\\/nomadnoos.com\\\/fr\\\/\",\"logo\":{\"@type\":\"ImageObject\",\"inLanguage\":\"fr-FR\",\"@id\":\"https:\\\/\\\/nomadnoos.com\\\/fr\\\/#\\\/schema\\\/logo\\\/image\\\/\",\"url\":\"https:\\\/\\\/nomadnoos.com\\\/wp-content\\\/uploads\\\/2020\\\/02\\\/Nomadnoos-Luxury-Handspun-Yarns.png\",\"contentUrl\":\"https:\\\/\\\/nomadnoos.com\\\/wp-content\\\/uploads\\\/2020\\\/02\\\/Nomadnoos-Luxury-Handspun-Yarns.png\",\"width\":400,\"height\":362,\"caption\":\"Nomadnoos\"},\"image\":{\"@id\":\"https:\\\/\\\/nomadnoos.com\\\/fr\\\/#\\\/schema\\\/logo\\\/image\\\/\"},\"sameAs\":[\"https:\\\/\\\/www.facebook.com\\\/nomadnoos\",\"https:\\\/\\\/www.instagram.com\\\/nomadnoos\\\/\"]}]}<\/script>\n<!-- \/ Yoast SEO plugin. -->","yoast_head_json":{"title":"Avis sur les cookies - Nomadnoos","robots":{"index":"index","follow":"follow","max-snippet":"max-snippet:-1","max-image-preview":"max-image-preview:large","max-video-preview":"max-video-preview:-1"},"canonical":"https:\/\/nomadnoos.com\/fr\/avis-sur-les-cookies\/","og_locale":"fr_FR","og_type":"article","og_title":"Avis sur les cookies - Nomadnoos","og_description":"Avis sur les cookies Cookie Nous utilisons des cookies pour am\u00e9liorer votre exp\u00e9rience sur notre site Web. Lorsque vous visitez le site, nous recueillons automatiquement certaines informations sur votre appareil, notamment des informations sur votre navigateur web, votre adresse IP, votre fuseau horaire et certains des cookies qui sont install\u00e9s sur votre appareil. En outre, [&hellip;]","og_url":"https:\/\/nomadnoos.com\/fr\/avis-sur-les-cookies\/","og_site_name":"Nomadnoos","article_publisher":"https:\/\/www.facebook.com\/nomadnoos","article_modified_time":"2022-08-04T13:10:00+00:00","twitter_card":"summary_large_image","twitter_misc":{"Dur\u00e9e de lecture estim\u00e9e":"2 minutes"},"schema":{"@context":"https:\/\/schema.org","@graph":[{"@type":"WebPage","@id":"https:\/\/nomadnoos.com\/fr\/avis-sur-les-cookies\/","url":"https:\/\/nomadnoos.com\/fr\/avis-sur-les-cookies\/","name":"Avis sur les cookies - Nomadnoos","isPartOf":{"@id":"https:\/\/nomadnoos.com\/fr\/#website"},"datePublished":"2020-04-07T13:14:29+00:00","dateModified":"2022-08-04T13:10:00+00:00","breadcrumb":{"@id":"https:\/\/nomadnoos.com\/fr\/avis-sur-les-cookies\/#breadcrumb"},"inLanguage":"fr-FR","potentialAction":[{"@type":"ReadAction","target":["https:\/\/nomadnoos.com\/fr\/avis-sur-les-cookies\/"]}]},{"@type":"BreadcrumbList","@id":"https:\/\/nomadnoos.com\/fr\/avis-sur-les-cookies\/#breadcrumb","itemListElement":[{"@type":"ListItem","position":1,"name":"Home","item":"https:\/\/nomadnoos.com\/fr\/"},{"@type":"ListItem","position":2,"name":"Avis sur les cookies"}]},{"@type":"WebSite","@id":"https:\/\/nomadnoos.com\/fr\/#website","url":"https:\/\/nomadnoos.com\/fr\/","name":"Nomadnoos","description":"Luxury Handspun Yarns","publisher":{"@id":"https:\/\/nomadnoos.com\/fr\/#organization"},"potentialAction":[{"@type":"SearchAction","target":{"@type":"EntryPoint","urlTemplate":"https:\/\/nomadnoos.com\/fr\/?s={search_term_string}"},"query-input":{"@type":"PropertyValueSpecification","valueRequired":true,"valueName":"search_term_string"}}],"inLanguage":"fr-FR"},{"@type":"Organization","@id":"https:\/\/nomadnoos.com\/fr\/#organization","name":"Nomadnoos","url":"https:\/\/nomadnoos.com\/fr\/","logo":{"@type":"ImageObject","inLanguage":"fr-FR","@id":"https:\/\/nomadnoos.com\/fr\/#\/schema\/logo\/image\/","url":"https:\/\/nomadnoos.com\/wp-content\/uploads\/2020\/02\/Nomadnoos-Luxury-Handspun-Yarns.png","contentUrl":"https:\/\/nomadnoos.com\/wp-content\/uploads\/2020\/02\/Nomadnoos-Luxury-Handspun-Yarns.png","width":400,"height":362,"caption":"Nomadnoos"},"image":{"@id":"https:\/\/nomadnoos.com\/fr\/#\/schema\/logo\/image\/"},"sameAs":["https:\/\/www.facebook.com\/nomadnoos","https:\/\/www.instagram.com\/nomadnoos\/"]}]}},"jetpack_sharing_enabled":true,"_links":{"self":[{"href":"https:\/\/nomadnoos.com\/fr\/wp-json\/wp\/v2\/pages\/3354","targetHints":{"allow":["GET"]}}],"collection":[{"href":"https:\/\/nomadnoos.com\/fr\/wp-json\/wp\/v2\/pages"}],"about":[{"href":"https:\/\/nomadnoos.com\/fr\/wp-json\/wp\/v2\/types\/page"}],"author":[{"embeddable":true,"href":"https:\/\/nomadnoos.com\/fr\/wp-json\/wp\/v2\/users\/1182"}],"replies":[{"embeddable":true,"href":"https:\/\/nomadnoos.com\/fr\/wp-json\/wp\/v2\/comments?post=3354"}],"version-history":[{"count":0,"href":"https:\/\/nomadnoos.com\/fr\/wp-json\/wp\/v2\/pages\/3354\/revisions"}],"wp:attachment":[{"href":"https:\/\/nomadnoos.com\/fr\/wp-json\/wp\/v2\/media?parent=3354"}],"curies":[{"name":"wp","href":"https:\/\/api.w.org\/{rel}","templated":true}]}}