{"id":3230,"date":"2020-04-01T12:53:26","date_gmt":"2020-04-01T12:53:26","guid":{"rendered":"https:\/\/nomadnoos.ch\/foire-aux-questions-2\/"},"modified":"2022-08-04T15:16:06","modified_gmt":"2022-08-04T13:16:06","slug":"foire-aux-questions","status":"publish","type":"page","link":"https:\/\/nomadnoos.com\/fr\/foire-aux-questions\/","title":{"rendered":"FOIRE AUX QUESTIONS (FAQ)"},"content":{"rendered":"\t\t<div data-elementor-type=\"wp-page\" data-elementor-id=\"3230\" class=\"elementor elementor-3230 elementor-353\" data-elementor-post-type=\"page\">\n\t\t\t\t\t\t<section class=\"elementor-section elementor-top-section elementor-element elementor-element-41d590da elementor-section-stretched elementor-section-boxed elementor-section-height-default elementor-section-height-default\" data-id=\"41d590da\" data-element_type=\"section\" data-e-type=\"section\" data-settings=\"{&quot;stretch_section&quot;:&quot;section-stretched&quot;,&quot;background_background&quot;:&quot;classic&quot;}\">\n\t\t\t\t\t\t<div class=\"elementor-container elementor-column-gap-default\">\n\t\t\t\t\t<div class=\"elementor-column elementor-col-100 elementor-top-column elementor-element elementor-element-252b915c\" data-id=\"252b915c\" data-element_type=\"column\" data-e-type=\"column\">\n\t\t\t<div class=\"elementor-widget-wrap elementor-element-populated\">\n\t\t\t\t\t\t<div class=\"elementor-element elementor-element-5d844ce5 elementor-widget elementor-widget-heading\" data-id=\"5d844ce5\" data-element_type=\"widget\" data-e-type=\"widget\" data-widget_type=\"heading.default\">\n\t\t\t\t<div class=\"elementor-widget-container\">\n\t\t\t\t\t<h1 class=\"elementor-heading-title elementor-size-default\">Foire Aux Questions (FAQ)<\/h1>\t\t\t\t<\/div>\n\t\t\t\t<\/div>\n\t\t\t\t\t<\/div>\n\t\t<\/div>\n\t\t\t\t\t<\/div>\n\t\t<\/section>\n\t\t\t\t<section class=\"elementor-section elementor-top-section elementor-element elementor-element-587cb61 elementor-section-stretched elementor-section-boxed elementor-section-height-default elementor-section-height-default\" data-id=\"587cb61\" data-element_type=\"section\" data-e-type=\"section\" data-settings=\"{&quot;stretch_section&quot;:&quot;section-stretched&quot;}\">\n\t\t\t\t\t\t<div class=\"elementor-container elementor-column-gap-default\">\n\t\t\t\t\t<div class=\"elementor-column elementor-col-100 elementor-top-column elementor-element elementor-element-df772da\" data-id=\"df772da\" data-element_type=\"column\" data-e-type=\"column\">\n\t\t\t<div class=\"elementor-widget-wrap elementor-element-populated\">\n\t\t\t\t\t\t<div class=\"elementor-element elementor-element-6551a53 elementor-widget elementor-widget-heading\" data-id=\"6551a53\" data-element_type=\"widget\" data-e-type=\"widget\" data-widget_type=\"heading.default\">\n\t\t\t\t<div class=\"elementor-widget-container\">\n\t\t\t\t\t<h2 class=\"elementor-heading-title elementor-size-default\">Comment puis-je nettoyer correctement mes tricots tout en respectant l'environnement ?<\/h2>\t\t\t\t<\/div>\n\t\t\t\t<\/div>\n\t\t\t\t<div class=\"elementor-element elementor-element-795f19a elementor-widget elementor-widget-text-editor\" data-id=\"795f19a\" data-element_type=\"widget\" data-e-type=\"widget\" data-widget_type=\"text-editor.default\">\n\t\t\t\t<div class=\"elementor-widget-container\">\n\t\t\t\t\t\t\t\t\t<p>Toutes les qualit\u00e9s de laine sont assez \u00e9tonnantes, elle vous garde au chaud en hiver, et au frais en \u00e9t\u00e9. Elle est douce et r\u00e9siste \u00e0 la salet\u00e9 et aux odeurs.<br \/>Cela rend la laine facile \u00e0 entretenir, mais la laine a toujours \u00e9t\u00e9 consid\u00e9r\u00e9e comme un mat\u00e9riau d\u00e9licat \u00e0 nettoyer. Mais avec un peu plus d&rsquo;effort, vos v\u00eatements en laine, s&rsquo;ils sont en laine de Yak, de Chameau ou de Sartuul, peuvent vraiment durer toute une vie. Gr\u00e2ce \u00e0 ses propri\u00e9t\u00e9s de r\u00e9sistance \u00e0 la salet\u00e9 et aux odeurs, vous n&rsquo;avez pas besoin de laver la laine aussi souvent. L&rsquo;a\u00e9rer d\u00e9j\u00e0 \u00e0 l&rsquo;ext\u00e9rieur ou dans un environnement humide, comme votre salle de bain lorsque vous prenez votre douche, devrait suffire ! Cependant, si vous remarquez des marques ou des odeurs, vous pouvez laver la laine.<\/p>\t\t\t\t\t\t\t\t<\/div>\n\t\t\t\t<\/div>\n\t\t\t\t<div class=\"elementor-element elementor-element-b536580 elementor-widget elementor-widget-text-editor\" data-id=\"b536580\" data-element_type=\"widget\" data-e-type=\"widget\" data-widget_type=\"text-editor.default\">\n\t\t\t\t<div class=\"elementor-widget-container\">\n\t\t\t\t\t\t\t\t\t<p>Vous devez d&rsquo;abord v\u00e9rifier les instructions de lavage \u00e0 l&rsquo;int\u00e9rieur de notre \u00e9tiquette. Il est pr\u00e9f\u00e9rable de laver notre laine \u00e0 la main. En suivant les conseils d&rsquo;entretien suivants, votre produit pr\u00e9f\u00e9r\u00e9 tricot\u00e9 \u00e0 la main avec nos fibres de yak, de chameau ou de sartuul fil\u00e9es \u00e0 la main restera beau pendant des ann\u00e9es.<\/p>\n\t\t\t\t\t\t\t\t<\/div>\n\t\t\t\t<\/div>\n\t\t\t\t<div class=\"elementor-element elementor-element-607b15f elementor-widget elementor-widget-text-editor\" data-id=\"607b15f\" data-element_type=\"widget\" data-e-type=\"widget\" data-widget_type=\"text-editor.default\">\n\t\t\t\t<div class=\"elementor-widget-container\">\n\t\t\t\t\t\t\t\t\t<p>1. La laine est naturellement r\u00e9sistante aux taches. Elle n&rsquo;absorbe pas non plus la poussi\u00e8re car elle est exempte d&rsquo;\u00e9lectricit\u00e9 statique. Par cons\u00e9quent, vos tricots de laine doivent \u00eatre lav\u00e9s \u00e0 la main avec un produit de lavage naturel et s\u00e9ch\u00e9s \u00e0 plat.<\/p>\n\t\t\t\t\t\t\t\t<\/div>\n\t\t\t\t<\/div>\n\t\t\t\t<div class=\"elementor-element elementor-element-b5e26de elementor-widget elementor-widget-text-editor\" data-id=\"b5e26de\" data-element_type=\"widget\" data-e-type=\"widget\" data-widget_type=\"text-editor.default\">\n\t\t\t\t<div class=\"elementor-widget-container\">\n\t\t\t\t\t\t\t\t\t<p>2. Ensuite, s&rsquo;il ne s&rsquo;agit que d&rsquo;une petite tache de salet\u00e9, il vaut mieux ne laver \u00e0 la main que cette zone, plut\u00f4t que de laver le v\u00eatement tout entier. Non seulement cela permet d&rsquo;\u00e9conomiser de l&rsquo;\u00e9nergie et des ressources, mais cela contribue \u00e9galement \u00e0 prolonger la dur\u00e9e de vie de votre produit.<\/p>\n\t\t\t\t\t\t\t\t<\/div>\n\t\t\t\t<\/div>\n\t\t\t\t<div class=\"elementor-element elementor-element-9965b8d elementor-widget elementor-widget-text-editor\" data-id=\"9965b8d\" data-element_type=\"widget\" data-e-type=\"widget\" data-widget_type=\"text-editor.default\">\n\t\t\t\t<div class=\"elementor-widget-container\">\n\t\t\t\t\t\t\t\t\t<p>3. Votre produit peut \u00eatre lav\u00e9 moins fr\u00e9quemment et ne n\u00e9cessite que rarement un repassage, car la laine est naturellement r\u00e9sistante aux plis. En r\u00e9alit\u00e9, moins de lavage et de repassage signifie moins de travail pour vous et moins d&rsquo;impact sur l&rsquo;environnement.<\/p>\n\t\t\t\t\t\t\t\t<\/div>\n\t\t\t\t<\/div>\n\t\t\t\t<div class=\"elementor-element elementor-element-eaf0d67 elementor-widget elementor-widget-text-editor\" data-id=\"eaf0d67\" data-element_type=\"widget\" data-e-type=\"widget\" data-widget_type=\"text-editor.default\">\n\t\t\t\t<div class=\"elementor-widget-container\">\n\t\t\t\t\t\t\t\t\t<p>4. Pour \u00e9viter la d\u00e9coloration, stockez vos v\u00eatements en laine \u00e0 l&rsquo;abri de la lumi\u00e8re directe du soleil. Notez que le stockage \u00e0 long terme sur des cintres peut entra\u00eener un \u00e9tirement et une perte de forme.<\/p>\n\t\t\t\t\t\t\t\t<\/div>\n\t\t\t\t<\/div>\n\t\t\t\t<div class=\"elementor-element elementor-element-621c5c3 elementor-widget elementor-widget-text-editor\" data-id=\"621c5c3\" data-element_type=\"widget\" data-e-type=\"widget\" data-widget_type=\"text-editor.default\">\n\t\t\t\t<div class=\"elementor-widget-container\">\n\t\t\t\t\t\t\t\t\t<p>5. Certains types de laine peuvent commencer \u00e0 pelucher, surtout dans certaines zones comme les manches et les c\u00f4t\u00e9s du corps. C&rsquo;est naturel, mais personne ne veut d&rsquo;un pull de cardigan \u00e0 l&rsquo;aspect d\u00e9labr\u00e9. Il est donc pr\u00e9f\u00e9rable de l&rsquo;enlever r\u00e9guli\u00e8rement. Il existe des dispositifs qui \u00e9liminent le boulochage. Il suffit de faire passer le dispositif sur la surface du v\u00eatement et de raser le boulochage. Mais ne poussez pas trop fort ; le dispositif est comme un petit rasoir, il pourrait donc endommager le v\u00eatement si vous utilisez trop de force.<\/p>\n\t\t\t\t\t\t\t\t<\/div>\n\t\t\t\t<\/div>\n\t\t\t\t\t<\/div>\n\t\t<\/div>\n\t\t\t\t\t<\/div>\n\t\t<\/section>\n\t\t\t\t<\/div>\n\t\t","protected":false},"excerpt":{"rendered":"<p>Foire Aux Questions (FAQ) Comment puis-je nettoyer correctement mes tricots tout en respectant l&rsquo;environnement ? Toutes les qualit\u00e9s de laine sont assez \u00e9tonnantes, elle vous garde au chaud en hiver, et au frais en \u00e9t\u00e9. Elle est douce et r\u00e9siste \u00e0 la salet\u00e9 et aux odeurs.Cela rend la laine facile \u00e0 entretenir, mais la laine [&hellip;]<\/p>\n","protected":false},"author":1182,"featured_media":0,"parent":0,"menu_order":0,"comment_status":"closed","ping_status":"closed","template":"","meta":{"ocean_post_layout":"","ocean_both_sidebars_style":"","ocean_both_sidebars_content_width":0,"ocean_both_sidebars_sidebars_width":0,"ocean_sidebar":"0","ocean_second_sidebar":"0","ocean_disable_margins":"enable","ocean_add_body_class":"","ocean_shortcode_before_top_bar":"","ocean_shortcode_after_top_bar":"","ocean_shortcode_before_header":"","ocean_shortcode_after_header":"","ocean_has_shortcode":"","ocean_shortcode_after_title":"","ocean_shortcode_before_footer_widgets":"","ocean_shortcode_after_footer_widgets":"","ocean_shortcode_before_footer_bottom":"","ocean_shortcode_after_footer_bottom":"","ocean_display_top_bar":"default","ocean_display_header":"default","ocean_header_style":"","ocean_center_header_left_menu":"0","ocean_custom_header_template":"0","ocean_custom_logo":0,"ocean_custom_retina_logo":0,"ocean_custom_logo_max_width":0,"ocean_custom_logo_tablet_max_width":0,"ocean_custom_logo_mobile_max_width":0,"ocean_custom_logo_max_height":0,"ocean_custom_logo_tablet_max_height":0,"ocean_custom_logo_mobile_max_height":0,"ocean_header_custom_menu":"0","ocean_menu_typo_font_family":"0","ocean_menu_typo_font_subset":"","ocean_menu_typo_font_size":0,"ocean_menu_typo_font_size_tablet":0,"ocean_menu_typo_font_size_mobile":0,"ocean_menu_typo_font_size_unit":"px","ocean_menu_typo_font_weight":"","ocean_menu_typo_font_weight_tablet":"","ocean_menu_typo_font_weight_mobile":"","ocean_menu_typo_transform":"","ocean_menu_typo_transform_tablet":"","ocean_menu_typo_transform_mobile":"","ocean_menu_typo_line_height":0,"ocean_menu_typo_line_height_tablet":0,"ocean_menu_typo_line_height_mobile":0,"ocean_menu_typo_line_height_unit":"","ocean_menu_typo_spacing":0,"ocean_menu_typo_spacing_tablet":0,"ocean_menu_typo_spacing_mobile":0,"ocean_menu_typo_spacing_unit":"","ocean_menu_link_color":"","ocean_menu_link_color_hover":"","ocean_menu_link_color_active":"","ocean_menu_link_background":"","ocean_menu_link_hover_background":"","ocean_menu_link_active_background":"","ocean_menu_social_links_bg":"","ocean_menu_social_hover_links_bg":"","ocean_menu_social_links_color":"","ocean_menu_social_hover_links_color":"","ocean_disable_title":"default","ocean_disable_heading":"default","ocean_post_title":"","ocean_post_subheading":"","ocean_post_title_style":"","ocean_post_title_background_color":"","ocean_post_title_background":0,"ocean_post_title_bg_image_position":"","ocean_post_title_bg_image_attachment":"","ocean_post_title_bg_image_repeat":"","ocean_post_title_bg_image_size":"","ocean_post_title_height":0,"ocean_post_title_bg_overlay":0.5,"ocean_post_title_bg_overlay_color":"","ocean_disable_breadcrumbs":"default","ocean_breadcrumbs_color":"","ocean_breadcrumbs_separator_color":"","ocean_breadcrumbs_links_color":"","ocean_breadcrumbs_links_hover_color":"","ocean_display_footer_widgets":"default","ocean_display_footer_bottom":"default","ocean_custom_footer_template":"0","_pvb_checkbox_block_on_post":false,"footnotes":""},"class_list":["post-3230","page","type-page","status-publish","hentry","entry","owp-thumbs-layout-horizontal","owp-btn-normal","owp-tabs-layout-horizontal","has-no-thumbnails","has-product-nav"],"yoast_head":"<!-- This site is optimized with the Yoast SEO plugin v27.4 - https:\/\/yoast.com\/product\/yoast-seo-wordpress\/ -->\n<title>FOIRE AUX QUESTIONS (FAQ) - Nomadnoos<\/title>\n<meta name=\"robots\" content=\"index, follow, max-snippet:-1, max-image-preview:large, max-video-preview:-1\" \/>\n<link rel=\"canonical\" href=\"https:\/\/nomadnoos.com\/fr\/foire-aux-questions\/\" \/>\n<meta property=\"og:locale\" content=\"fr_FR\" \/>\n<meta property=\"og:type\" content=\"article\" \/>\n<meta property=\"og:title\" content=\"FOIRE AUX QUESTIONS (FAQ) - Nomadnoos\" \/>\n<meta property=\"og:description\" content=\"Foire Aux Questions (FAQ) Comment puis-je nettoyer correctement mes tricots tout en respectant l&rsquo;environnement ? Toutes les qualit\u00e9s de laine sont assez \u00e9tonnantes, elle vous garde au chaud en hiver, et au frais en \u00e9t\u00e9. Elle est douce et r\u00e9siste \u00e0 la salet\u00e9 et aux odeurs.Cela rend la laine facile \u00e0 entretenir, mais la laine [&hellip;]\" \/>\n<meta property=\"og:url\" content=\"https:\/\/nomadnoos.com\/fr\/foire-aux-questions\/\" \/>\n<meta property=\"og:site_name\" content=\"Nomadnoos\" \/>\n<meta property=\"article:publisher\" content=\"https:\/\/www.facebook.com\/nomadnoos\" \/>\n<meta property=\"article:modified_time\" content=\"2022-08-04T13:16:06+00:00\" \/>\n<meta name=\"twitter:card\" content=\"summary_large_image\" \/>\n<meta name=\"twitter:label1\" content=\"Dur\u00e9e de lecture estim\u00e9e\" \/>\n\t<meta name=\"twitter:data1\" content=\"3 minutes\" \/>\n<script type=\"application\/ld+json\" class=\"yoast-schema-graph\">{\"@context\":\"https:\\\/\\\/schema.org\",\"@graph\":[{\"@type\":\"WebPage\",\"@id\":\"https:\\\/\\\/nomadnoos.com\\\/fr\\\/foire-aux-questions\\\/\",\"url\":\"https:\\\/\\\/nomadnoos.com\\\/fr\\\/foire-aux-questions\\\/\",\"name\":\"FOIRE AUX QUESTIONS (FAQ) - Nomadnoos\",\"isPartOf\":{\"@id\":\"https:\\\/\\\/nomadnoos.com\\\/fr\\\/#website\"},\"datePublished\":\"2020-04-01T12:53:26+00:00\",\"dateModified\":\"2022-08-04T13:16:06+00:00\",\"breadcrumb\":{\"@id\":\"https:\\\/\\\/nomadnoos.com\\\/fr\\\/foire-aux-questions\\\/#breadcrumb\"},\"inLanguage\":\"fr-FR\",\"potentialAction\":[{\"@type\":\"ReadAction\",\"target\":[\"https:\\\/\\\/nomadnoos.com\\\/fr\\\/foire-aux-questions\\\/\"]}]},{\"@type\":\"BreadcrumbList\",\"@id\":\"https:\\\/\\\/nomadnoos.com\\\/fr\\\/foire-aux-questions\\\/#breadcrumb\",\"itemListElement\":[{\"@type\":\"ListItem\",\"position\":1,\"name\":\"Home\",\"item\":\"https:\\\/\\\/nomadnoos.com\\\/fr\\\/\"},{\"@type\":\"ListItem\",\"position\":2,\"name\":\"FOIRE AUX QUESTIONS (FAQ)\"}]},{\"@type\":\"WebSite\",\"@id\":\"https:\\\/\\\/nomadnoos.com\\\/fr\\\/#website\",\"url\":\"https:\\\/\\\/nomadnoos.com\\\/fr\\\/\",\"name\":\"Nomadnoos\",\"description\":\"Luxury Handspun Yarns\",\"publisher\":{\"@id\":\"https:\\\/\\\/nomadnoos.com\\\/fr\\\/#organization\"},\"potentialAction\":[{\"@type\":\"SearchAction\",\"target\":{\"@type\":\"EntryPoint\",\"urlTemplate\":\"https:\\\/\\\/nomadnoos.com\\\/fr\\\/?s={search_term_string}\"},\"query-input\":{\"@type\":\"PropertyValueSpecification\",\"valueRequired\":true,\"valueName\":\"search_term_string\"}}],\"inLanguage\":\"fr-FR\"},{\"@type\":\"Organization\",\"@id\":\"https:\\\/\\\/nomadnoos.com\\\/fr\\\/#organization\",\"name\":\"Nomadnoos\",\"url\":\"https:\\\/\\\/nomadnoos.com\\\/fr\\\/\",\"logo\":{\"@type\":\"ImageObject\",\"inLanguage\":\"fr-FR\",\"@id\":\"https:\\\/\\\/nomadnoos.com\\\/fr\\\/#\\\/schema\\\/logo\\\/image\\\/\",\"url\":\"https:\\\/\\\/nomadnoos.com\\\/wp-content\\\/uploads\\\/2020\\\/02\\\/Nomadnoos-Luxury-Handspun-Yarns.png\",\"contentUrl\":\"https:\\\/\\\/nomadnoos.com\\\/wp-content\\\/uploads\\\/2020\\\/02\\\/Nomadnoos-Luxury-Handspun-Yarns.png\",\"width\":400,\"height\":362,\"caption\":\"Nomadnoos\"},\"image\":{\"@id\":\"https:\\\/\\\/nomadnoos.com\\\/fr\\\/#\\\/schema\\\/logo\\\/image\\\/\"},\"sameAs\":[\"https:\\\/\\\/www.facebook.com\\\/nomadnoos\",\"https:\\\/\\\/www.instagram.com\\\/nomadnoos\\\/\"]}]}<\/script>\n<!-- \/ Yoast SEO plugin. -->","yoast_head_json":{"title":"FOIRE AUX QUESTIONS (FAQ) - Nomadnoos","robots":{"index":"index","follow":"follow","max-snippet":"max-snippet:-1","max-image-preview":"max-image-preview:large","max-video-preview":"max-video-preview:-1"},"canonical":"https:\/\/nomadnoos.com\/fr\/foire-aux-questions\/","og_locale":"fr_FR","og_type":"article","og_title":"FOIRE AUX QUESTIONS (FAQ) - Nomadnoos","og_description":"Foire Aux Questions (FAQ) Comment puis-je nettoyer correctement mes tricots tout en respectant l&rsquo;environnement ? Toutes les qualit\u00e9s de laine sont assez \u00e9tonnantes, elle vous garde au chaud en hiver, et au frais en \u00e9t\u00e9. Elle est douce et r\u00e9siste \u00e0 la salet\u00e9 et aux odeurs.Cela rend la laine facile \u00e0 entretenir, mais la laine [&hellip;]","og_url":"https:\/\/nomadnoos.com\/fr\/foire-aux-questions\/","og_site_name":"Nomadnoos","article_publisher":"https:\/\/www.facebook.com\/nomadnoos","article_modified_time":"2022-08-04T13:16:06+00:00","twitter_card":"summary_large_image","twitter_misc":{"Dur\u00e9e de lecture estim\u00e9e":"3 minutes"},"schema":{"@context":"https:\/\/schema.org","@graph":[{"@type":"WebPage","@id":"https:\/\/nomadnoos.com\/fr\/foire-aux-questions\/","url":"https:\/\/nomadnoos.com\/fr\/foire-aux-questions\/","name":"FOIRE AUX QUESTIONS (FAQ) - Nomadnoos","isPartOf":{"@id":"https:\/\/nomadnoos.com\/fr\/#website"},"datePublished":"2020-04-01T12:53:26+00:00","dateModified":"2022-08-04T13:16:06+00:00","breadcrumb":{"@id":"https:\/\/nomadnoos.com\/fr\/foire-aux-questions\/#breadcrumb"},"inLanguage":"fr-FR","potentialAction":[{"@type":"ReadAction","target":["https:\/\/nomadnoos.com\/fr\/foire-aux-questions\/"]}]},{"@type":"BreadcrumbList","@id":"https:\/\/nomadnoos.com\/fr\/foire-aux-questions\/#breadcrumb","itemListElement":[{"@type":"ListItem","position":1,"name":"Home","item":"https:\/\/nomadnoos.com\/fr\/"},{"@type":"ListItem","position":2,"name":"FOIRE AUX QUESTIONS (FAQ)"}]},{"@type":"WebSite","@id":"https:\/\/nomadnoos.com\/fr\/#website","url":"https:\/\/nomadnoos.com\/fr\/","name":"Nomadnoos","description":"Luxury Handspun Yarns","publisher":{"@id":"https:\/\/nomadnoos.com\/fr\/#organization"},"potentialAction":[{"@type":"SearchAction","target":{"@type":"EntryPoint","urlTemplate":"https:\/\/nomadnoos.com\/fr\/?s={search_term_string}"},"query-input":{"@type":"PropertyValueSpecification","valueRequired":true,"valueName":"search_term_string"}}],"inLanguage":"fr-FR"},{"@type":"Organization","@id":"https:\/\/nomadnoos.com\/fr\/#organization","name":"Nomadnoos","url":"https:\/\/nomadnoos.com\/fr\/","logo":{"@type":"ImageObject","inLanguage":"fr-FR","@id":"https:\/\/nomadnoos.com\/fr\/#\/schema\/logo\/image\/","url":"https:\/\/nomadnoos.com\/wp-content\/uploads\/2020\/02\/Nomadnoos-Luxury-Handspun-Yarns.png","contentUrl":"https:\/\/nomadnoos.com\/wp-content\/uploads\/2020\/02\/Nomadnoos-Luxury-Handspun-Yarns.png","width":400,"height":362,"caption":"Nomadnoos"},"image":{"@id":"https:\/\/nomadnoos.com\/fr\/#\/schema\/logo\/image\/"},"sameAs":["https:\/\/www.facebook.com\/nomadnoos","https:\/\/www.instagram.com\/nomadnoos\/"]}]}},"jetpack_sharing_enabled":true,"_links":{"self":[{"href":"https:\/\/nomadnoos.com\/fr\/wp-json\/wp\/v2\/pages\/3230","targetHints":{"allow":["GET"]}}],"collection":[{"href":"https:\/\/nomadnoos.com\/fr\/wp-json\/wp\/v2\/pages"}],"about":[{"href":"https:\/\/nomadnoos.com\/fr\/wp-json\/wp\/v2\/types\/page"}],"author":[{"embeddable":true,"href":"https:\/\/nomadnoos.com\/fr\/wp-json\/wp\/v2\/users\/1182"}],"replies":[{"embeddable":true,"href":"https:\/\/nomadnoos.com\/fr\/wp-json\/wp\/v2\/comments?post=3230"}],"version-history":[{"count":0,"href":"https:\/\/nomadnoos.com\/fr\/wp-json\/wp\/v2\/pages\/3230\/revisions"}],"wp:attachment":[{"href":"https:\/\/nomadnoos.com\/fr\/wp-json\/wp\/v2\/media?parent=3230"}],"curies":[{"name":"wp","href":"https:\/\/api.w.org\/{rel}","templated":true}]}}